{"id":1240,"date":"2021-10-29T15:18:21","date_gmt":"2021-10-29T15:18:21","guid":{"rendered":"https:\/\/projektniciklus.hr\/?page_id=1240"},"modified":"2021-11-16T12:37:15","modified_gmt":"2021-11-16T12:37:15","slug":"pomoc","status":"publish","type":"page","link":"https:\/\/projektniciklus.hr\/en\/pomoc\/","title":{"rendered":"Pomo\u0107"},"content":{"rendered":"<div data-elementor-type=\"wp-page\" data-elementor-id=\"1240\" class=\"elementor elementor-1240\" data-elementor-settings=\"[]\">\n\t\t\t\t\t\t\t<div class=\"elementor-section-wrap\">\n\t\t\t\t\t\t\t<section class=\"elementor-section elementor-top-section elementor-element elementor-element-b086585 elementor-section-boxed elementor-section-height-default elementor-section-height-default\" data-id=\"b086585\" data-element_type=\"section\">\n\t\t\t\t\t\t<div class=\"elementor-container elementor-column-gap-default\">\n\t\t\t\t\t<div class=\"elementor-column elementor-col-100 elementor-top-column elementor-element elementor-element-6ff070b\" data-id=\"6ff070b\" data-element_type=\"column\">\n\t\t\t<div class=\"elementor-widget-wrap elementor-element-populated\">\n\t\t\t\t\t\t\t\t<div class=\"elementor-element elementor-element-bae74ac elementor-widget elementor-widget-heading\" data-id=\"bae74ac\" data-element_type=\"widget\" data-widget_type=\"heading.default\">\n\t\t\t\t<div class=\"elementor-widget-container\">\n\t\t\t<h1 class=\"elementor-heading-title elementor-size-default\">Pomo\u0107<\/h1>\t\t<\/div>\n\t\t\t\t<\/div>\n\t\t\t\t<div class=\"elementor-element elementor-element-4e5fcd8 elementor-widget elementor-widget-text-editor\" data-id=\"4e5fcd8\" data-element_type=\"widget\" data-widget_type=\"text-editor.default\">\n\t\t\t\t<div class=\"elementor-widget-container\">\n\t\t\t\t\t\t\t<h2>Forum Ciklusa predvi\u0111en je za konstruktivnu raspravu i razmjenu mi\u0161ljenja anonimnih korisnika foruma, izno\u0161enje iskustava te davanje prijedloga za pobolj\u0161anje rada i procesa u podru\u010dju pripreme i provedbe EU projekata i javnoj nabavi te srodnim temama.<\/h2><p><strong>Cilj Foruma Ciklusa je pobolj\u0161anje informiranosti i edukacije zainteresirane javnosti, ujedna\u010davanje prakse, olak\u0161avanje provedbe EU projekata.<\/strong><\/p><p><strong>Nije dopu\u0161teno:<\/strong><\/p><ul><li>kr\u0161enje zakona RH<\/li><li>vrije\u0111anje po bilo kojoj osnovi (rasnoj, nacionalnoj, vjerskoj, dobnoj, spolnoj&#8230;) bilo koje osobe ili bilo kojeg tijela<\/li><li>kr\u0161enje za\u0161tite autorskih prava<\/li><li>otkrivanje osobnih podataka drugih korisnika<br \/><br \/><\/li><\/ul><p>Poruke na Forumu predstavljaju isklju\u010divo stavove i mi\u0161ljenja autora poruka, a ne izdava\u010da Foruma Ciklusa. Forum Ciklusa ne odgovara za sadr\u017eaj poruka niti za stavove iznesene u njima.<\/p><p>Usprkos radu moderatora koji bri\u0161e poruke neprimjerenog sadr\u017eaja, mogu\u0107e je da na Forumu ostanu postovi koji kr\u0161e pravila. Da bi se takve poruke uklonile potrebno je obavijestiti moderatora.<\/p><p>U slu\u010daju objave utu\u017eivih poruka, o\u0161te\u0107ena strana mo\u017ee tu\u017eiti autora poruke, \u0161to trebaju znati i autori poruka i oni koji se osje\u0107aju o\u0161te\u0107eni tim porukama. Forum je du\u017ean po dostavi sudskog ili policijskog naloga (i samo po dostavi istih) dati podatke po kojima se mo\u017ee utvrditi identitet autora poruka. Molimo vidjeti i <a href=\"https:\/\/projektniciklus.hr\/en\/politika-obrade-i-zastite-osobnih-podataka\/\">pravila vezana za za\u0161titu osobnih podataka.<\/a> Savjete iz postova drugih korisnika koristite na vlastitu odgovornost.<\/p>\t\t\t\t\t\t<\/div>\n\t\t\t\t<\/div>\n\t\t\t\t<div class=\"elementor-element elementor-element-eb5df27 elementor-widget elementor-widget-heading\" data-id=\"eb5df27\" data-element_type=\"widget\" data-widget_type=\"heading.default\">\n\t\t\t\t<div class=\"elementor-widget-container\">\n\t\t\t<h2 class=\"elementor-heading-title elementor-size-default\">Ukoliko imate problema s forumom molim obratite se na e-mail info@projektniciklus.hr ili putem kontakt obrasca.<\/h2>\t\t<\/div>\n\t\t\t\t<\/div>\n\t\t\t\t<div class=\"elementor-element elementor-element-cbdfd53 elementor-widget elementor-widget-heading\" data-id=\"cbdfd53\" data-element_type=\"widget\" data-widget_type=\"heading.default\">\n\t\t\t\t<div class=\"elementor-widget-container\">\n\t\t\t<h5 class=\"elementor-heading-title elementor-size-default\"><a href=\"https:\/\/projektniciklus.hr\/en\/resetiraj-lozinku\/\">Zaboravio\/la sam lozinku.<\/a><\/h5>\t\t<\/div>\n\t\t\t\t<\/div>\n\t\t\t\t\t<\/div>\n\t\t<\/div>\n\t\t\t\t\t\t\t<\/div>\n\t\t<\/section>\n\t\t\t\t\t\t<\/div>\n\t\t\t\t\t<\/div>","protected":false},"excerpt":{"rendered":"<p>Pomo\u0107 Forum Ciklusa predvi\u0111en je za konstruktivnu raspravu i razmjenu mi\u0161ljenja anonimnih korisnika foruma, izno\u0161enje iskustava te davanje prijedloga za pobolj\u0161anje rada i procesa u podru\u010dju pripreme i provedbe EU projekata i javnoj nabavi te srodnim temama. Cilj Foruma Ciklusa je pobolj\u0161anje informiranosti i edukacije zainteresirane javnosti, ujedna\u010davanje prakse, olak\u0161avanje provedbe EU projekata. Nije dopu\u0161teno: [&hellip;]<\/p>","protected":false},"author":1,"featured_media":0,"parent":0,"menu_order":0,"comment_status":"closed","ping_status":"closed","template":"","meta":{"_bbp_topic_count":0,"_bbp_reply_count":0,"_bbp_total_topic_count":0,"_bbp_total_reply_count":0,"_bbp_voice_count":0,"_bbp_anonymous_reply_count":0,"_bbp_topic_count_hidden":0,"_bbp_reply_count_hidden":0,"_bbp_forum_subforum_count":0},"yoast_head":"<!-- This site is optimized with the Yoast SEO plugin v17.2 - https:\/\/yoast.com\/wordpress\/plugins\/seo\/ -->\n<title>Pomo\u0107 - Projektni Ciklus - Priprema EU financiranih projekata, vo\u0111enje EU projekata\/ugovora, informiranje putem portala o EU projektima i javnoj nabavi, predavanja o javnoj nabavi<\/title>\n<meta name=\"robots\" content=\"index, follow, max-snippet:-1, max-image-preview:large, max-video-preview:-1\" \/>\n<link rel=\"canonical\" href=\"https:\/\/projektniciklus.hr\/en\/pomoc\/\" \/>\n<meta property=\"og:locale\" content=\"en_US\" \/>\n<meta property=\"og:type\" content=\"article\" \/>\n<meta property=\"og:title\" content=\"Pomo\u0107 - Projektni Ciklus - Priprema EU financiranih projekata, vo\u0111enje EU projekata\/ugovora, informiranje putem portala o EU projektima i javnoj nabavi, predavanja o javnoj nabavi\" \/>\n<meta property=\"og:description\" content=\"Pomo\u0107 Forum Ciklusa predvi\u0111en je za konstruktivnu raspravu i razmjenu mi\u0161ljenja anonimnih korisnika foruma, izno\u0161enje iskustava te davanje prijedloga za pobolj\u0161anje rada i procesa u podru\u010dju pripreme i provedbe EU projekata i javnoj nabavi te srodnim temama. Cilj Foruma Ciklusa je pobolj\u0161anje informiranosti i edukacije zainteresirane javnosti, ujedna\u010davanje prakse, olak\u0161avanje provedbe EU projekata. Nije dopu\u0161teno: [&hellip;]\" \/>\n<meta property=\"og:url\" content=\"https:\/\/projektniciklus.hr\/en\/pomoc\/\" \/>\n<meta property=\"og:site_name\" content=\"Projektni Ciklus - Priprema EU financiranih projekata, vo\u0111enje EU projekata\/ugovora, informiranje putem portala o EU projektima i javnoj nabavi, predavanja o javnoj nabavi\" \/>\n<meta property=\"article:modified_time\" content=\"2021-11-16T12:37:15+00:00\" \/>\n<meta name=\"twitter:card\" content=\"summary_large_image\" \/>\n<meta name=\"twitter:label1\" content=\"Est. reading time\" \/>\n\t<meta name=\"twitter:data1\" content=\"1 minute\" \/>\n<script type=\"application\/ld+json\" class=\"yoast-schema-graph\">{\"@context\":\"https:\/\/schema.org\",\"@graph\":[{\"@type\":\"WebSite\",\"@id\":\"https:\/\/projektniciklus.hr\/#website\",\"url\":\"https:\/\/projektniciklus.hr\/\",\"name\":\"Projektni Ciklus - Priprema EU financiranih projekata, vo\\u0111enje EU projekata\/ugovora, informiranje putem portala o EU projektima i javnoj nabavi, predavanja o javnoj nabavi\",\"description\":\"Priprema EU financiranih projekata, vo\\u0111enje EU projekata\/ugovora, informiranje putem portala o EU projektima i javnoj nabavi, predavanja o javnoj nabavi\",\"potentialAction\":[{\"@type\":\"SearchAction\",\"target\":{\"@type\":\"EntryPoint\",\"urlTemplate\":\"https:\/\/projektniciklus.hr\/?s={search_term_string}\"},\"query-input\":\"required name=search_term_string\"}],\"inLanguage\":\"en-US\"},{\"@type\":\"WebPage\",\"@id\":\"https:\/\/projektniciklus.hr\/pomoc\/#webpage\",\"url\":\"https:\/\/projektniciklus.hr\/pomoc\/\",\"name\":\"Pomo\\u0107 - Projektni Ciklus - Priprema EU financiranih projekata, vo\\u0111enje EU projekata\/ugovora, informiranje putem portala o EU projektima i javnoj nabavi, predavanja o javnoj nabavi\",\"isPartOf\":{\"@id\":\"https:\/\/projektniciklus.hr\/#website\"},\"datePublished\":\"2021-10-29T15:18:21+00:00\",\"dateModified\":\"2021-11-16T12:37:15+00:00\",\"breadcrumb\":{\"@id\":\"https:\/\/projektniciklus.hr\/pomoc\/#breadcrumb\"},\"inLanguage\":\"en-US\",\"potentialAction\":[{\"@type\":\"ReadAction\",\"target\":[\"https:\/\/projektniciklus.hr\/pomoc\/\"]}]},{\"@type\":\"BreadcrumbList\",\"@id\":\"https:\/\/projektniciklus.hr\/pomoc\/#breadcrumb\",\"itemListElement\":[{\"@type\":\"ListItem\",\"position\":1,\"name\":\"Home\",\"item\":\"https:\/\/projektniciklus.hr\/\"},{\"@type\":\"ListItem\",\"position\":2,\"name\":\"Pomo\\u0107\"}]}]}<\/script>\n<!-- \/ Yoast SEO plugin. -->","yoast_head_json":{"title":"Pomo\u0107 - Projektni Ciklus - Priprema EU financiranih projekata, vo\u0111enje EU projekata\/ugovora, informiranje putem portala o EU projektima i javnoj nabavi, predavanja o javnoj nabavi","robots":{"index":"index","follow":"follow","max-snippet":"max-snippet:-1","max-image-preview":"max-image-preview:large","max-video-preview":"max-video-preview:-1"},"canonical":"https:\/\/projektniciklus.hr\/en\/pomoc\/","og_locale":"en_US","og_type":"article","og_title":"Pomo\u0107 - Projektni Ciklus - Priprema EU financiranih projekata, vo\u0111enje EU projekata\/ugovora, informiranje putem portala o EU projektima i javnoj nabavi, predavanja o javnoj nabavi","og_description":"Pomo\u0107 Forum Ciklusa predvi\u0111en je za konstruktivnu raspravu i razmjenu mi\u0161ljenja anonimnih korisnika foruma, izno\u0161enje iskustava te davanje prijedloga za pobolj\u0161anje rada i procesa u podru\u010dju pripreme i provedbe EU projekata i javnoj nabavi te srodnim temama. Cilj Foruma Ciklusa je pobolj\u0161anje informiranosti i edukacije zainteresirane javnosti, ujedna\u010davanje prakse, olak\u0161avanje provedbe EU projekata. Nije dopu\u0161teno: [&hellip;]","og_url":"https:\/\/projektniciklus.hr\/en\/pomoc\/","og_site_name":"Projektni Ciklus - Priprema EU financiranih projekata, vo\u0111enje EU projekata\/ugovora, informiranje putem portala o EU projektima i javnoj nabavi, predavanja o javnoj nabavi","article_modified_time":"2021-11-16T12:37:15+00:00","twitter_card":"summary_large_image","twitter_misc":{"Est. reading time":"1 minute"},"schema":{"@context":"https:\/\/schema.org","@graph":[{"@type":"WebSite","@id":"https:\/\/projektniciklus.hr\/#website","url":"https:\/\/projektniciklus.hr\/","name":"Projektni Ciklus - Priprema EU financiranih projekata, vo\u0111enje EU projekata\/ugovora, informiranje putem portala o EU projektima i javnoj nabavi, predavanja o javnoj nabavi","description":"Priprema EU financiranih projekata, vo\u0111enje EU projekata\/ugovora, informiranje putem portala o EU projektima i javnoj nabavi, predavanja o javnoj nabavi","potentialAction":[{"@type":"SearchAction","target":{"@type":"EntryPoint","urlTemplate":"https:\/\/projektniciklus.hr\/?s={search_term_string}"},"query-input":"required name=search_term_string"}],"inLanguage":"en-US"},{"@type":"WebPage","@id":"https:\/\/projektniciklus.hr\/pomoc\/#webpage","url":"https:\/\/projektniciklus.hr\/pomoc\/","name":"Pomo\u0107 - Projektni Ciklus - Priprema EU financiranih projekata, vo\u0111enje EU projekata\/ugovora, informiranje putem portala o EU projektima i javnoj nabavi, predavanja o javnoj nabavi","isPartOf":{"@id":"https:\/\/projektniciklus.hr\/#website"},"datePublished":"2021-10-29T15:18:21+00:00","dateModified":"2021-11-16T12:37:15+00:00","breadcrumb":{"@id":"https:\/\/projektniciklus.hr\/pomoc\/#breadcrumb"},"inLanguage":"en-US","potentialAction":[{"@type":"ReadAction","target":["https:\/\/projektniciklus.hr\/pomoc\/"]}]},{"@type":"BreadcrumbList","@id":"https:\/\/projektniciklus.hr\/pomoc\/#breadcrumb","itemListElement":[{"@type":"ListItem","position":1,"name":"Home","item":"https:\/\/projektniciklus.hr\/"},{"@type":"ListItem","position":2,"name":"Pomo\u0107"}]}]}},"_links":{"self":[{"href":"https:\/\/projektniciklus.hr\/en\/wp-json\/wp\/v2\/pages\/1240"}],"collection":[{"href":"https:\/\/projektniciklus.hr\/en\/wp-json\/wp\/v2\/pages"}],"about":[{"href":"https:\/\/projektniciklus.hr\/en\/wp-json\/wp\/v2\/types\/page"}],"author":[{"embeddable":true,"href":"https:\/\/projektniciklus.hr\/en\/wp-json\/wp\/v2\/users\/1"}],"replies":[{"embeddable":true,"href":"https:\/\/projektniciklus.hr\/en\/wp-json\/wp\/v2\/comments?post=1240"}],"version-history":[{"count":55,"href":"https:\/\/projektniciklus.hr\/en\/wp-json\/wp\/v2\/pages\/1240\/revisions"}],"predecessor-version":[{"id":2110,"href":"https:\/\/projektniciklus.hr\/en\/wp-json\/wp\/v2\/pages\/1240\/revisions\/2110"}],"wp:attachment":[{"href":"https:\/\/projektniciklus.hr\/en\/wp-json\/wp\/v2\/media?parent=1240"}],"curies":[{"name":"wp","href":"https:\/\/api.w.org\/{rel}","templated":true}]}}