{"id":1267,"date":"2021-11-01T08:26:33","date_gmt":"2021-11-01T08:26:33","guid":{"rendered":"https:\/\/projektniciklus.hr\/?page_id=1267"},"modified":"2021-11-03T10:22:57","modified_gmt":"2021-11-03T10:22:57","slug":"politika-obrade-i-zastite-osobnih-podataka","status":"publish","type":"page","link":"https:\/\/projektniciklus.hr\/en\/politika-obrade-i-zastite-osobnih-podataka\/","title":{"rendered":"Politika obrade i za\u0161tite osobnih podataka"},"content":{"rendered":"<div data-elementor-type=\"wp-page\" data-elementor-id=\"1267\" class=\"elementor elementor-1267\" data-elementor-settings=\"[]\">\n\t\t\t\t\t\t\t<div class=\"elementor-section-wrap\">\n\t\t\t\t\t\t\t<section class=\"elementor-section elementor-top-section elementor-element elementor-element-a63138e elementor-section-boxed elementor-section-height-default elementor-section-height-default\" data-id=\"a63138e\" data-element_type=\"section\">\n\t\t\t\t\t\t<div class=\"elementor-container elementor-column-gap-default\">\n\t\t\t\t\t<div class=\"elementor-column elementor-col-100 elementor-top-column elementor-element elementor-element-2d77df1\" data-id=\"2d77df1\" data-element_type=\"column\">\n\t\t\t<div class=\"elementor-widget-wrap elementor-element-populated\">\n\t\t\t\t\t\t\t\t<div class=\"elementor-element elementor-element-012abb5 elementor-widget elementor-widget-heading\" data-id=\"012abb5\" data-element_type=\"widget\" data-widget_type=\"heading.default\">\n\t\t\t\t<div class=\"elementor-widget-container\">\n\t\t\t<h1 class=\"elementor-heading-title elementor-size-default\">Politika obrade i za\u0161tite osobnih podataka<\/h1>\t\t<\/div>\n\t\t\t\t<\/div>\n\t\t\t\t<div class=\"elementor-element elementor-element-c6653a5 elementor-widget elementor-widget-text-editor\" data-id=\"c6653a5\" data-element_type=\"widget\" data-widget_type=\"text-editor.default\">\n\t\t\t\t<div class=\"elementor-widget-container\">\n\t\t\t\t\t\t\t<p><!-- wp:paragraph --><\/p>\n<h2>Va\u0161i osobni podaci se obra\u0111uju odgovorno, po\u0161tuju\u0107i Va\u0161u privatnost te u skladu s va\u017ee\u0107im zakonima i uredbama za za\u0161titu osobnih podataka.<\/h2>\n<p><!-- \/wp:paragraph --><\/p>\n<p><!-- wp:paragraph --><\/p>\n<p>Podaci se prikupljaju za vrijeme kori\u0161tenja internet stranice te za vrijeme Va\u0161e poslovne suradnje s Ciklusom. Politika za\u0161tite osobnih podataka primjenjuje se na sva podru\u010dja poslovanja Ciklusa.<\/p>\n<p><!-- \/wp:paragraph --><\/p>\n<p><!-- wp:paragraph --><\/p>\n<p>Osobni podaci prikupljaju se za izvr\u0161avanje ugovornih i zakonskih obaveza, pobolj\u0161anje poslovanja te za potrebe informiranja klijenata o savjetodavnim uslugama, radu foruma, novim edukacijama te novostima i nadmetanjima iz podru\u010dja javne nabave. Tijekom Va\u0161e posjete web stranici, forumu, poha\u0111anja edukacije ili pak konkretne poslovne suradnje prikupljaju se sljede\u0107i podaci: ime i prezime, datum ro\u0111enja, kontakt podaci, IP adresa tijekom posjete web stranici.<\/p>\n<p><!-- \/wp:paragraph --><\/p>\n<p><!-- wp:paragraph --><\/p>\n<p>Podaci se \u010duvaju u obliku i sadr\u017eaju koji Vas mo\u017ee identificirati ne dulje nego \u0161to je potrebno i to za svrhu za koju su prikupljeni. Po isteku tog vremena podaci se bri\u0161u i postaju nedostupni. Va\u0161i osobni podaci se \u010duvaju i \u0161tite cijelo vrijeme dok su pohranjeni u Ciklusu. Osobne podatke koje ste dali u poslovne svrhe koriste se isklju\u010divo za potrebe poslovanja.<br \/><br \/>Slobodno mo\u017eete zatra\u017eiti informacije o svojim osobnim podacima koji su pohranjeni u Ciklusu, izvoru podataka te svrsi pohrane . Tako\u0111er je mogu\u0107e ispravljati, blokirati ili brisati svoje podatke u skladu sa zakonskim odredbama.<\/p>\n<p><!-- \/wp:paragraph --><\/p>\t\t\t\t\t\t<\/div>\n\t\t\t\t<\/div>\n\t\t\t\t\t<\/div>\n\t\t<\/div>\n\t\t\t\t\t\t\t<\/div>\n\t\t<\/section>\n\t\t\t\t\t\t<\/div>\n\t\t\t\t\t<\/div>","protected":false},"excerpt":{"rendered":"<p>Politika obrade i za\u0161tite osobnih podataka Va\u0161i osobni podaci se obra\u0111uju odgovorno, po\u0161tuju\u0107i Va\u0161u privatnost te u skladu s va\u017ee\u0107im zakonima i uredbama za za\u0161titu osobnih podataka. Podaci se prikupljaju za vrijeme kori\u0161tenja internet stranice te za vrijeme Va\u0161e poslovne suradnje s Ciklusom. Politika za\u0161tite osobnih podataka primjenjuje se na sva podru\u010dja poslovanja Ciklusa. Osobni [&hellip;]<\/p>","protected":false},"author":1,"featured_media":0,"parent":0,"menu_order":0,"comment_status":"closed","ping_status":"closed","template":"","meta":{"_bbp_topic_count":0,"_bbp_reply_count":0,"_bbp_total_topic_count":0,"_bbp_total_reply_count":0,"_bbp_voice_count":0,"_bbp_anonymous_reply_count":0,"_bbp_topic_count_hidden":0,"_bbp_reply_count_hidden":0,"_bbp_forum_subforum_count":0},"yoast_head":"<!-- This site is optimized with the Yoast SEO plugin v17.2 - https:\/\/yoast.com\/wordpress\/plugins\/seo\/ -->\n<title>Politika obrade i za\u0161tite osobnih podataka - Projektni Ciklus - Priprema EU financiranih projekata, vo\u0111enje EU projekata\/ugovora, informiranje putem portala o EU projektima i javnoj nabavi, predavanja o javnoj nabavi<\/title>\n<meta name=\"robots\" content=\"index, follow, max-snippet:-1, max-image-preview:large, max-video-preview:-1\" \/>\n<link rel=\"canonical\" href=\"https:\/\/projektniciklus.hr\/en\/politika-obrade-i-zastite-osobnih-podataka\/\" \/>\n<meta property=\"og:locale\" content=\"en_US\" \/>\n<meta property=\"og:type\" content=\"article\" \/>\n<meta property=\"og:title\" content=\"Politika obrade i za\u0161tite osobnih podataka - Projektni Ciklus - Priprema EU financiranih projekata, vo\u0111enje EU projekata\/ugovora, informiranje putem portala o EU projektima i javnoj nabavi, predavanja o javnoj nabavi\" \/>\n<meta property=\"og:description\" content=\"Politika obrade i za\u0161tite osobnih podataka Va\u0161i osobni podaci se obra\u0111uju odgovorno, po\u0161tuju\u0107i Va\u0161u privatnost te u skladu s va\u017ee\u0107im zakonima i uredbama za za\u0161titu osobnih podataka. Podaci se prikupljaju za vrijeme kori\u0161tenja internet stranice te za vrijeme Va\u0161e poslovne suradnje s Ciklusom. Politika za\u0161tite osobnih podataka primjenjuje se na sva podru\u010dja poslovanja Ciklusa. Osobni [&hellip;]\" \/>\n<meta property=\"og:url\" content=\"https:\/\/projektniciklus.hr\/en\/politika-obrade-i-zastite-osobnih-podataka\/\" \/>\n<meta property=\"og:site_name\" content=\"Projektni Ciklus - Priprema EU financiranih projekata, vo\u0111enje EU projekata\/ugovora, informiranje putem portala o EU projektima i javnoj nabavi, predavanja o javnoj nabavi\" \/>\n<meta property=\"article:modified_time\" content=\"2021-11-03T10:22:57+00:00\" \/>\n<meta name=\"twitter:card\" content=\"summary_large_image\" \/>\n<meta name=\"twitter:label1\" content=\"Est. reading time\" \/>\n\t<meta name=\"twitter:data1\" content=\"1 minute\" \/>\n<script type=\"application\/ld+json\" class=\"yoast-schema-graph\">{\"@context\":\"https:\/\/schema.org\",\"@graph\":[{\"@type\":\"WebSite\",\"@id\":\"https:\/\/projektniciklus.hr\/#website\",\"url\":\"https:\/\/projektniciklus.hr\/\",\"name\":\"Projektni Ciklus - Priprema EU financiranih projekata, vo\\u0111enje EU projekata\/ugovora, informiranje putem portala o EU projektima i javnoj nabavi, predavanja o javnoj nabavi\",\"description\":\"Priprema EU financiranih projekata, vo\\u0111enje EU projekata\/ugovora, informiranje putem portala o EU projektima i javnoj nabavi, predavanja o javnoj nabavi\",\"potentialAction\":[{\"@type\":\"SearchAction\",\"target\":{\"@type\":\"EntryPoint\",\"urlTemplate\":\"https:\/\/projektniciklus.hr\/?s={search_term_string}\"},\"query-input\":\"required name=search_term_string\"}],\"inLanguage\":\"en-US\"},{\"@type\":\"WebPage\",\"@id\":\"https:\/\/projektniciklus.hr\/politika-obrade-i-zastite-osobnih-podataka\/#webpage\",\"url\":\"https:\/\/projektniciklus.hr\/politika-obrade-i-zastite-osobnih-podataka\/\",\"name\":\"Politika obrade i za\\u0161tite osobnih podataka - Projektni Ciklus - Priprema EU financiranih projekata, vo\\u0111enje EU projekata\/ugovora, informiranje putem portala o EU projektima i javnoj nabavi, predavanja o javnoj nabavi\",\"isPartOf\":{\"@id\":\"https:\/\/projektniciklus.hr\/#website\"},\"datePublished\":\"2021-11-01T08:26:33+00:00\",\"dateModified\":\"2021-11-03T10:22:57+00:00\",\"breadcrumb\":{\"@id\":\"https:\/\/projektniciklus.hr\/politika-obrade-i-zastite-osobnih-podataka\/#breadcrumb\"},\"inLanguage\":\"en-US\",\"potentialAction\":[{\"@type\":\"ReadAction\",\"target\":[\"https:\/\/projektniciklus.hr\/politika-obrade-i-zastite-osobnih-podataka\/\"]}]},{\"@type\":\"BreadcrumbList\",\"@id\":\"https:\/\/projektniciklus.hr\/politika-obrade-i-zastite-osobnih-podataka\/#breadcrumb\",\"itemListElement\":[{\"@type\":\"ListItem\",\"position\":1,\"name\":\"Home\",\"item\":\"https:\/\/projektniciklus.hr\/\"},{\"@type\":\"ListItem\",\"position\":2,\"name\":\"Politika obrade i za\\u0161tite osobnih podataka\"}]}]}<\/script>\n<!-- \/ Yoast SEO plugin. -->","yoast_head_json":{"title":"Politika obrade i za\u0161tite osobnih podataka - Projektni Ciklus - Priprema EU financiranih projekata, vo\u0111enje EU projekata\/ugovora, informiranje putem portala o EU projektima i javnoj nabavi, predavanja o javnoj nabavi","robots":{"index":"index","follow":"follow","max-snippet":"max-snippet:-1","max-image-preview":"max-image-preview:large","max-video-preview":"max-video-preview:-1"},"canonical":"https:\/\/projektniciklus.hr\/en\/politika-obrade-i-zastite-osobnih-podataka\/","og_locale":"en_US","og_type":"article","og_title":"Politika obrade i za\u0161tite osobnih podataka - Projektni Ciklus - Priprema EU financiranih projekata, vo\u0111enje EU projekata\/ugovora, informiranje putem portala o EU projektima i javnoj nabavi, predavanja o javnoj nabavi","og_description":"Politika obrade i za\u0161tite osobnih podataka Va\u0161i osobni podaci se obra\u0111uju odgovorno, po\u0161tuju\u0107i Va\u0161u privatnost te u skladu s va\u017ee\u0107im zakonima i uredbama za za\u0161titu osobnih podataka. Podaci se prikupljaju za vrijeme kori\u0161tenja internet stranice te za vrijeme Va\u0161e poslovne suradnje s Ciklusom. Politika za\u0161tite osobnih podataka primjenjuje se na sva podru\u010dja poslovanja Ciklusa. Osobni [&hellip;]","og_url":"https:\/\/projektniciklus.hr\/en\/politika-obrade-i-zastite-osobnih-podataka\/","og_site_name":"Projektni Ciklus - Priprema EU financiranih projekata, vo\u0111enje EU projekata\/ugovora, informiranje putem portala o EU projektima i javnoj nabavi, predavanja o javnoj nabavi","article_modified_time":"2021-11-03T10:22:57+00:00","twitter_card":"summary_large_image","twitter_misc":{"Est. reading time":"1 minute"},"schema":{"@context":"https:\/\/schema.org","@graph":[{"@type":"WebSite","@id":"https:\/\/projektniciklus.hr\/#website","url":"https:\/\/projektniciklus.hr\/","name":"Projektni Ciklus - Priprema EU financiranih projekata, vo\u0111enje EU projekata\/ugovora, informiranje putem portala o EU projektima i javnoj nabavi, predavanja o javnoj nabavi","description":"Priprema EU financiranih projekata, vo\u0111enje EU projekata\/ugovora, informiranje putem portala o EU projektima i javnoj nabavi, predavanja o javnoj nabavi","potentialAction":[{"@type":"SearchAction","target":{"@type":"EntryPoint","urlTemplate":"https:\/\/projektniciklus.hr\/?s={search_term_string}"},"query-input":"required name=search_term_string"}],"inLanguage":"en-US"},{"@type":"WebPage","@id":"https:\/\/projektniciklus.hr\/politika-obrade-i-zastite-osobnih-podataka\/#webpage","url":"https:\/\/projektniciklus.hr\/politika-obrade-i-zastite-osobnih-podataka\/","name":"Politika obrade i za\u0161tite osobnih podataka - Projektni Ciklus - Priprema EU financiranih projekata, vo\u0111enje EU projekata\/ugovora, informiranje putem portala o EU projektima i javnoj nabavi, predavanja o javnoj nabavi","isPartOf":{"@id":"https:\/\/projektniciklus.hr\/#website"},"datePublished":"2021-11-01T08:26:33+00:00","dateModified":"2021-11-03T10:22:57+00:00","breadcrumb":{"@id":"https:\/\/projektniciklus.hr\/politika-obrade-i-zastite-osobnih-podataka\/#breadcrumb"},"inLanguage":"en-US","potentialAction":[{"@type":"ReadAction","target":["https:\/\/projektniciklus.hr\/politika-obrade-i-zastite-osobnih-podataka\/"]}]},{"@type":"BreadcrumbList","@id":"https:\/\/projektniciklus.hr\/politika-obrade-i-zastite-osobnih-podataka\/#breadcrumb","itemListElement":[{"@type":"ListItem","position":1,"name":"Home","item":"https:\/\/projektniciklus.hr\/"},{"@type":"ListItem","position":2,"name":"Politika obrade i za\u0161tite osobnih podataka"}]}]}},"_links":{"self":[{"href":"https:\/\/projektniciklus.hr\/en\/wp-json\/wp\/v2\/pages\/1267"}],"collection":[{"href":"https:\/\/projektniciklus.hr\/en\/wp-json\/wp\/v2\/pages"}],"about":[{"href":"https:\/\/projektniciklus.hr\/en\/wp-json\/wp\/v2\/types\/page"}],"author":[{"embeddable":true,"href":"https:\/\/projektniciklus.hr\/en\/wp-json\/wp\/v2\/users\/1"}],"replies":[{"embeddable":true,"href":"https:\/\/projektniciklus.hr\/en\/wp-json\/wp\/v2\/comments?post=1267"}],"version-history":[{"count":9,"href":"https:\/\/projektniciklus.hr\/en\/wp-json\/wp\/v2\/pages\/1267\/revisions"}],"predecessor-version":[{"id":1475,"href":"https:\/\/projektniciklus.hr\/en\/wp-json\/wp\/v2\/pages\/1267\/revisions\/1475"}],"wp:attachment":[{"href":"https:\/\/projektniciklus.hr\/en\/wp-json\/wp\/v2\/media?parent=1267"}],"curies":[{"name":"wp","href":"https:\/\/api.w.org\/{rel}","templated":true}]}}