{"id":61,"date":"2021-10-13T08:18:43","date_gmt":"2021-10-13T08:18:43","guid":{"rendered":"https:\/\/projektniciklus.hr\/?page_id=61"},"modified":"2021-11-20T08:34:35","modified_gmt":"2021-11-20T08:34:35","slug":"blog","status":"publish","type":"page","link":"https:\/\/projektniciklus.hr\/en\/blog\/","title":{"rendered":"Blog"},"content":{"rendered":"<div data-elementor-type=\"wp-page\" data-elementor-id=\"61\" class=\"elementor elementor-61\" data-elementor-settings=\"[]\">\n\t\t\t\t\t\t\t<div class=\"elementor-section-wrap\">\n\t\t\t\t\t\t\t<section class=\"elementor-section elementor-top-section elementor-element elementor-element-74d6122 elementor-section-boxed elementor-section-height-default elementor-section-height-default\" data-id=\"74d6122\" data-element_type=\"section\">\n\t\t\t\t\t\t<div class=\"elementor-container elementor-column-gap-default\">\n\t\t\t\t\t<div class=\"elementor-column elementor-col-100 elementor-top-column elementor-element elementor-element-b310c4e\" data-id=\"b310c4e\" data-element_type=\"column\">\n\t\t\t<div class=\"elementor-widget-wrap elementor-element-populated\">\n\t\t\t\t\t\t\t\t<div class=\"elementor-element elementor-element-cc25344 elementor-widget elementor-widget-bdt-post-block-modern\" data-id=\"cc25344\" data-element_type=\"widget\" data-widget_type=\"bdt-post-block-modern.default\">\n\t\t\t\t<div class=\"elementor-widget-container\">\n\t\t\t\t\t\t<div id=\"bdtpbm_69fc486defe6c\" class=\"bdt-post-block-modern bdt-grid bdt-grid-match bdt-grid-collapse\" data-bdt-grid=\"\">\n\n\t\t\t\t\n\t\t\t\t  \t\t<div class=\"bdt-width-3-5@m\">\n\t\t\t\t  \t\t\t<div class=\"bdt-post-block-modern-item left-part bdt-position-relative\" style=\"background-image: url(https:\/\/projektniciklus.hr\/wp-content\/uploads\/2021\/11\/slika.jpg)\">\n\t\t\t\t\t\t  \t\t\n\t\t\t\t\t\t  \t\t<div class=\"bdt-post-block-modern-desc bdt-position-bottom-center bdt-position-z-index bdt-width-2-3@m\">\n\n\t\t\t\t\t            \t\n\t\t\t\t\t\t\t\t\t\t\n\t\t\t\t\t\t\t\t\t\t<div class=\"bdt-post-block-modern-meta bdt-subnav bdt-flex-middle bdt-flex-center\"><span>November 15, 2021<\/span><span><a href=\"https:\/\/projektniciklus.hr\/en\/category\/blog\/\" rel=\"category tag\">Blog<\/a><\/span><\/div>\n\n\t\t\t\t\t\t\t\t\t\n\t\t\t\t\t\t\t\t\t\t\t\t\t\t\t\t\t\t\t<h4 class=\"bdt-post-block-modern-title\">\n\t\t\t\t\t\t\t\t\t\t\t<a href=\"https:\/\/projektniciklus.hr\/en\/oslanjanje-na-sposobnost-drugih-gospodarskih-subjekata\/\" class=\"bdt-link-reset\" title=\"OSLANJANJE NA SPOSOBNOST DRUGIH GOSPODARSKIH SUBJEKATA\">OSLANJANJE NA SPOSOBNOST DRUGIH GOSPODARSKIH SUBJEKATA<\/a>\n\t\t\t\t\t\t\t\t\t\t<\/h4>\n\t\t\t\t\t\t\t\t\t\n\t\t\t\t\t\t\t\t\t\t\t<div class=\"bdt-post-block-modern-excerpt\">\n\t\t\t<p>OSLANJANJE NA SPOSOBNOST DRUGIH GOSPODARSKIH SUBJEKATA \u2013 KAKO PRIPREMITI PONUDU? KAKO&nbsp; PROVESTI &nbsp;PROVJERE? KAKVA JE EU PRAKSA?<\/p>\n\t\t<\/div>\n\t\t\n\t\t\t\t\t\t  \t\t<\/div>\n\t\t\t\t\t\t  \t\t<div class=\"bdt-position-cover bdt-overlay-gradient\"><\/div>\n\n\t\t\t\t\t\t\t<\/div>\n\t\t\t\t\t\t<\/div>\n\n\t\t\t\t  \t\t<div class=\"bdt-width-2-5@m right-part-wrapper\">\n\t\t\t\t\t\t\t\t  \n\t\t\t\t\t\t\t  \t\t\t<div class=\"bdt-post-block-modern-item right-part\">\n\t\t\t\t\t  \t\t<div class=\"bdt-post-block-modern-desc\">\n\n\t\t\t\t\t\t\t\t\t\t\t\t\t\t\t\t\t\t\t\t\t\t\t\t\t\t\n\t\t\t\t\t\t\t\t\t<div class=\"bdt-post-block-modern-meta bdt-subnav\"><span>November 4, 2021<\/span><span><a href=\"https:\/\/projektniciklus.hr\/en\/category\/blog\/\" rel=\"category tag\">Blog<\/a><\/span><\/div>\n\t\t\t\t\t\t\t\t\n\t\t\t\t\t\t\t\t\t\t\t\t\t\t\t\t\t<h4 class=\"bdt-post-block-modern-title\">\n\t\t\t\t\t\t\t\t\t\t<a href=\"https:\/\/projektniciklus.hr\/en\/podugovaranje-praksa-u-rh\/\" class=\"bdt-link-reset\" title=\"PODUGOVARANJE \u2013 praksa u RH\">PODUGOVARANJE \u2013 praksa u RH<\/a>\n\t\t\t\t\t\t\t\t\t<\/h4>\n\t\t\t\t\t\t\t\t\n\t\t\t\t\t\t\t\t\t\t<div class=\"bdt-post-block-modern-excerpt\">\n\t\t\t<p>Tko su podugovaratelji? Koje provjere se provode vezano za podugovaranje? Zakon o javnoj nabavi (ZJN 2016) definira<\/p>\n\t\t<\/div>\n\t\t\n\t\t\t\t\t\t\t\t\t\t\t\t\t\t\t\t\t<a href=\"https:\/\/projektniciklus.hr\/en\/podugovaranje-praksa-u-rh\/\" class=\"bdt-post-block-modern-read-more bdt-link-reset\">Pro\u010ditaj vi\u0161e\t\t\t\t\t\t\t\t\t\t\n\t\t\t\t\t\t\t\t\t\t\n\t\t\t\t\t\t\t\t\t<\/a>\n\t\t\t\t\t\t\t\t\n\t\t\t\t\t  \t\t<\/div>\n\n\t\t\t\t\t\t<\/div>\n\t\t\t\t\t\t\t\t  \n\t\t\t\t\t\t\t  \t\t\t<div class=\"bdt-post-block-modern-item right-part\">\n\t\t\t\t\t  \t\t<div class=\"bdt-post-block-modern-desc\">\n\n\t\t\t\t\t\t\t\t\t\t\t\t\t\t\t\t\t\t\t\t\t\t\t\t\t\t\n\t\t\t\t\t\t\t\t\t<div class=\"bdt-post-block-modern-meta bdt-subnav\"><span>November 3, 2021<\/span><span><a href=\"https:\/\/projektniciklus.hr\/en\/category\/blog\/\" rel=\"category tag\">Blog<\/a><\/span><\/div>\n\t\t\t\t\t\t\t\t\n\t\t\t\t\t\t\t\t\t\t\t\t\t\t\t\t\t<h4 class=\"bdt-post-block-modern-title\">\n\t\t\t\t\t\t\t\t\t\t<a href=\"https:\/\/projektniciklus.hr\/en\/dodjela-bodova-za-ponudeni-kraci-rok-isporuke\/\" class=\"bdt-link-reset\" title=\"Dodjela bodova za ponu\u0111eni kra\u0107i rok isporuke\">Dodjela bodova za ponu\u0111eni kra\u0107i rok isporuke<\/a>\n\t\t\t\t\t\t\t\t\t<\/h4>\n\t\t\t\t\t\t\t\t\n\t\t\t\t\t\t\t\t\t\t<div class=\"bdt-post-block-modern-excerpt\">\n\t\t\t<p>S prethodnom je temom povezano i postupanje navedeno pod to\u010dkom 8. gore citiranih Smjernica EK \u2013 kada<\/p>\n\t\t<\/div>\n\t\t\n\t\t\t\t\t\t\t\t\t\t\t\t\t\t\t\t\t<a href=\"https:\/\/projektniciklus.hr\/en\/dodjela-bodova-za-ponudeni-kraci-rok-isporuke\/\" class=\"bdt-post-block-modern-read-more bdt-link-reset\">Pro\u010ditaj vi\u0161e\t\t\t\t\t\t\t\t\t\t\n\t\t\t\t\t\t\t\t\t\t\n\t\t\t\t\t\t\t\t\t<\/a>\n\t\t\t\t\t\t\t\t\n\t\t\t\t\t  \t\t<\/div>\n\n\t\t\t\t\t\t<\/div>\n\t\t\t\t\t\t\t\t  \n\t\t\t\t\n\t\t\t\t<\/div>\n\t\t\n\t\t\t<\/div>\n\t\t\n\t\t \t\n \t\t\t\t<\/div>\n\t\t\t\t<\/div>\n\t\t\t\t\t<\/div>\n\t\t<\/div>\n\t\t\t\t\t\t\t<\/div>\n\t\t<\/section>\n\t\t\t\t<section class=\"elementor-section elementor-top-section elementor-element elementor-element-93f0441 elementor-section-boxed elementor-section-height-default elementor-section-height-default\" data-id=\"93f0441\" data-element_type=\"section\">\n\t\t\t\t\t\t<div class=\"elementor-container elementor-column-gap-default\">\n\t\t\t\t\t<div class=\"elementor-column elementor-col-100 elementor-top-column elementor-element elementor-element-73d9b7f\" data-id=\"73d9b7f\" data-element_type=\"column\">\n\t\t\t<div class=\"elementor-widget-wrap elementor-element-populated\">\n\t\t\t\t\t\t\t\t<div class=\"elementor-element elementor-element-99e69d6 elementor-posts--thumbnail-none elementor-grid-3 elementor-grid-tablet-2 elementor-grid-mobile-1 elementor-widget elementor-widget-posts\" data-id=\"99e69d6\" data-element_type=\"widget\" data-settings=\"{&quot;classic_row_gap&quot;:{&quot;unit&quot;:&quot;px&quot;,&quot;size&quot;:42,&quot;sizes&quot;:[]},&quot;pagination_type&quot;:&quot;numbers&quot;,&quot;classic_columns&quot;:&quot;3&quot;,&quot;classic_columns_tablet&quot;:&quot;2&quot;,&quot;classic_columns_mobile&quot;:&quot;1&quot;}\" data-widget_type=\"posts.classic\">\n\t\t\t\t<div class=\"elementor-widget-container\">\n\t\t\t\t\t<div class=\"elementor-posts-container elementor-posts elementor-posts--skin-classic elementor-grid\">\n\t\t\t\t<article class=\"elementor-post elementor-grid-item post-1482 post type-post status-publish format-standard has-post-thumbnail hentry category-blog\">\n\t\t\t\t<div class=\"elementor-post__text\">\n\t\t\t\t<h3 class=\"elementor-post__title\">\n\t\t\t<a href=\"https:\/\/projektniciklus.hr\/en\/visina-ugovorne-kazne-kao-kriterij-za-odabir-ponude-da-ili-ne\/\" >\n\t\t\t\tVisina ugovorne kazne kao kriterij za odabir ponude \u2013 da ili ne?\t\t\t<\/a>\n\t\t<\/h3>\n\t\t\t\t<div class=\"elementor-post__meta-data\">\n\t\t\t\t\t<span class=\"elementor-post-date\">\n\t\t\tNovember 2, 2021\t\t<\/span>\n\t\t\t\t<\/div>\n\t\t\t\t<div class=\"elementor-post__excerpt\">\n\t\t\t<p>Odgovor je jednostavan \u2013 NE, a poznat je onima koji prate upute Europske komisije (i koji koriste EU sredstva). Iako smo u praksi vjerojatno svi<\/p>\n\t\t<\/div>\n\t\t\t\t<\/div>\n\t\t\t\t<\/article>\n\t\t\t\t<\/div>\n\n\n\t\t\n\t\t\t\t<\/div>\n\t\t\t\t<\/div>\n\t\t\t\t<div class=\"elementor-element elementor-element-14ab2f0 elementor-align-center elementor-widget elementor-widget-bdt-modal\" data-id=\"14ab2f0\" data-element_type=\"widget\" data-widget_type=\"bdt-modal.default\">\n\t\t\t\t<div class=\"elementor-widget-container\">\n\t\t\t\t\t<div class=\"bdt-modal-wrapper\">\n\t\t    \n\t\t    \t\t<a class=\"bdt-modal-button elementor-button elementor-size-sm\" data-bdt-toggle=\"target: #bdt-modal-14ab2f0\" href=\"javascript:void(0)\">\n\t\t\t<!-- <span > -->\n\t\t\t\t\t\t\t\t<span class=\"elementor-button-text\">Izjava o odricanju odgovornosti.<\/span>\n\t\t\t<!-- <\/span> -->\n\t\t<\/a>\n\t\t\t\n\n\t        <div id=\"bdt-modal-14ab2f0\" class=\"bdt-modal-14ab2f0 bdt-modal\" data-bdt-modal=\"\" data-settings=\"{&quot;id&quot;:&quot;bdt-modal-14ab2f0&quot;,&quot;layout&quot;:&quot;default&quot;}\">\n\t            <div class=\"bdt-modal-dialog\">\n\t                            \n\t                \t                \t<button class=\"bdt-modal-close-default\" type=\"button\" data-bdt-close><\/button>\n\t                \t                \n\t                \t                    <div class=\"bdt-modal-header bdt-text-left\">\n\t                    \t<h3 class=\"bdt-modal-title\">Izjava o odricanju odgovornosti<\/h3>\n\t                    <\/div>\n\t                \t                \n\t                <div class=\"bdt-modal-body\">\n\t                \t<p>Mi\u0161ljenja objavljena u blogovima su sastavljena temeljem: iskustava autora kao prakti\u010dara u ulozi naru\u010ditelja \/ ponuditelja \/ konzultanta \/ osobe zadu\u017eene za kontrolu postupaka, sadr\u017ee mahom subjektivni stav osobe, citate drugih autora i web stranica (kako je primjereno nazna\u010deno), citate sudske prakse, Smjernice za prakti\u010dare u javnoj nabavi Europske komisije itd.<\/p><p>Autor bloga napominje kako je svaka situacija u praksi specifi\u010dna te se za rje\u0161avanje odre\u0111enih problema svakako treba tra\u017eiti savjet\/uputa pravnika, odre\u0111enog nadre\u0111enog tijela, kontakt osoba u PT2 i sl. Za potencijalne razlike u stavovima i mi\u0161ljenjima u razli\u010ditim tijelima kao i tuma\u010denjima u uputama tijela (objavljenima u razli\u010ditim razdobljima), autor bloga ne odgovara.<\/p><p>U slu\u010daju nejasno\u0107a ili suprotnog mi\u0161ljenja u vezi pojedinog stava ili citata iznesenog u blogu, mogu\u0107e je kontaktirati autora na forumu ili putem email adrese. U slu\u010daju pogre\u0161nog ili nepotpunog sadr\u017eaja, autora bloga kontaktirajte na prethodno navedeni na\u010din te \u0107e autor ispraviti eventualnu pogre\u0161ku ili upotpuniti sadr\u017eaj na tra\u017eeni na\u010din.<\/p>\t                <\/div>\n\n\t                \t\t        <\/div>\n\t\t    <\/div>\n\t    <\/div>\n\n\t\t\t\t<\/div>\n\t\t\t\t<\/div>\n\t\t\t\t\t<\/div>\n\t\t<\/div>\n\t\t\t\t\t\t\t<\/div>\n\t\t<\/section>\n\t\t\t\t\t\t<\/div>\n\t\t\t\t\t<\/div>","protected":false},"excerpt":{"rendered":"<p>November 15, 2021Blog OSLANJANJE NA SPOSOBNOST DRUGIH GOSPODARSKIH SUBJEKATA OSLANJANJE NA SPOSOBNOST DRUGIH GOSPODARSKIH SUBJEKATA \u2013 KAKO PRIPREMITI PONUDU? KAKO&nbsp; PROVESTI &nbsp;PROVJERE? KAKVA JE EU PRAKSA? November 4, 2021Blog PODUGOVARANJE \u2013 praksa u RH Tko su podugovaratelji? Koje provjere se provode vezano za podugovaranje? Zakon o javnoj nabavi (ZJN 2016) definira Pro\u010ditaj vi\u0161e November 3, [&hellip;]<\/p>","protected":false},"author":1,"featured_media":0,"parent":0,"menu_order":0,"comment_status":"closed","ping_status":"closed","template":"","meta":{"_bbp_topic_count":0,"_bbp_reply_count":0,"_bbp_total_topic_count":0,"_bbp_total_reply_count":0,"_bbp_voice_count":0,"_bbp_anonymous_reply_count":0,"_bbp_topic_count_hidden":0,"_bbp_reply_count_hidden":0,"_bbp_forum_subforum_count":0},"yoast_head":"<!-- This site is optimized with the Yoast SEO plugin v17.2 - https:\/\/yoast.com\/wordpress\/plugins\/seo\/ -->\n<title>Blog - Projektni Ciklus - Priprema EU financiranih projekata, vo\u0111enje EU projekata\/ugovora, informiranje putem portala o EU projektima i javnoj nabavi, predavanja o javnoj nabavi<\/title>\n<meta name=\"robots\" content=\"index, follow, max-snippet:-1, max-image-preview:large, max-video-preview:-1\" \/>\n<link rel=\"canonical\" href=\"https:\/\/projektniciklus.hr\/en\/blog\/\" \/>\n<meta property=\"og:locale\" content=\"en_US\" \/>\n<meta property=\"og:type\" content=\"article\" \/>\n<meta property=\"og:title\" content=\"Blog - Projektni Ciklus - Priprema EU financiranih projekata, vo\u0111enje EU projekata\/ugovora, informiranje putem portala o EU projektima i javnoj nabavi, predavanja o javnoj nabavi\" \/>\n<meta property=\"og:description\" content=\"November 15, 2021Blog OSLANJANJE NA SPOSOBNOST DRUGIH GOSPODARSKIH SUBJEKATA OSLANJANJE NA SPOSOBNOST DRUGIH GOSPODARSKIH SUBJEKATA \u2013 KAKO PRIPREMITI PONUDU? KAKO&nbsp; PROVESTI &nbsp;PROVJERE? KAKVA JE EU PRAKSA? November 4, 2021Blog PODUGOVARANJE \u2013 praksa u RH Tko su podugovaratelji? Koje provjere se provode vezano za podugovaranje? Zakon o javnoj nabavi (ZJN 2016) definira Pro\u010ditaj vi\u0161e November 3, [&hellip;]\" \/>\n<meta property=\"og:url\" content=\"https:\/\/projektniciklus.hr\/en\/blog\/\" \/>\n<meta property=\"og:site_name\" content=\"Projektni Ciklus - Priprema EU financiranih projekata, vo\u0111enje EU projekata\/ugovora, informiranje putem portala o EU projektima i javnoj nabavi, predavanja o javnoj nabavi\" \/>\n<meta property=\"article:modified_time\" content=\"2021-11-20T08:34:35+00:00\" \/>\n<meta name=\"twitter:card\" content=\"summary_large_image\" \/>\n<meta name=\"twitter:label1\" content=\"Est. reading time\" \/>\n\t<meta name=\"twitter:data1\" content=\"2 minutes\" \/>\n<script type=\"application\/ld+json\" class=\"yoast-schema-graph\">{\"@context\":\"https:\/\/schema.org\",\"@graph\":[{\"@type\":\"WebSite\",\"@id\":\"https:\/\/projektniciklus.hr\/#website\",\"url\":\"https:\/\/projektniciklus.hr\/\",\"name\":\"Projektni Ciklus - Priprema EU financiranih projekata, vo\\u0111enje EU projekata\/ugovora, informiranje putem portala o EU projektima i javnoj nabavi, predavanja o javnoj nabavi\",\"description\":\"Priprema EU financiranih projekata, vo\\u0111enje EU projekata\/ugovora, informiranje putem portala o EU projektima i javnoj nabavi, predavanja o javnoj nabavi\",\"potentialAction\":[{\"@type\":\"SearchAction\",\"target\":{\"@type\":\"EntryPoint\",\"urlTemplate\":\"https:\/\/projektniciklus.hr\/?s={search_term_string}\"},\"query-input\":\"required name=search_term_string\"}],\"inLanguage\":\"en-US\"},{\"@type\":\"WebPage\",\"@id\":\"https:\/\/projektniciklus.hr\/blog\/#webpage\",\"url\":\"https:\/\/projektniciklus.hr\/blog\/\",\"name\":\"Blog - Projektni Ciklus - Priprema EU financiranih projekata, vo\\u0111enje EU projekata\/ugovora, informiranje putem portala o EU projektima i javnoj nabavi, predavanja o javnoj nabavi\",\"isPartOf\":{\"@id\":\"https:\/\/projektniciklus.hr\/#website\"},\"datePublished\":\"2021-10-13T08:18:43+00:00\",\"dateModified\":\"2021-11-20T08:34:35+00:00\",\"breadcrumb\":{\"@id\":\"https:\/\/projektniciklus.hr\/blog\/#breadcrumb\"},\"inLanguage\":\"en-US\",\"potentialAction\":[{\"@type\":\"ReadAction\",\"target\":[\"https:\/\/projektniciklus.hr\/blog\/\"]}]},{\"@type\":\"BreadcrumbList\",\"@id\":\"https:\/\/projektniciklus.hr\/blog\/#breadcrumb\",\"itemListElement\":[{\"@type\":\"ListItem\",\"position\":1,\"name\":\"Home\",\"item\":\"https:\/\/projektniciklus.hr\/\"},{\"@type\":\"ListItem\",\"position\":2,\"name\":\"Blog\"}]}]}<\/script>\n<!-- \/ Yoast SEO plugin. -->","yoast_head_json":{"title":"Blog - Projektni Ciklus - Priprema EU financiranih projekata, vo\u0111enje EU projekata\/ugovora, informiranje putem portala o EU projektima i javnoj nabavi, predavanja o javnoj nabavi","robots":{"index":"index","follow":"follow","max-snippet":"max-snippet:-1","max-image-preview":"max-image-preview:large","max-video-preview":"max-video-preview:-1"},"canonical":"https:\/\/projektniciklus.hr\/en\/blog\/","og_locale":"en_US","og_type":"article","og_title":"Blog - Projektni Ciklus - Priprema EU financiranih projekata, vo\u0111enje EU projekata\/ugovora, informiranje putem portala o EU projektima i javnoj nabavi, predavanja o javnoj nabavi","og_description":"November 15, 2021Blog OSLANJANJE NA SPOSOBNOST DRUGIH GOSPODARSKIH SUBJEKATA OSLANJANJE NA SPOSOBNOST DRUGIH GOSPODARSKIH SUBJEKATA \u2013 KAKO PRIPREMITI PONUDU? KAKO&nbsp; PROVESTI &nbsp;PROVJERE? KAKVA JE EU PRAKSA? November 4, 2021Blog PODUGOVARANJE \u2013 praksa u RH Tko su podugovaratelji? Koje provjere se provode vezano za podugovaranje? Zakon o javnoj nabavi (ZJN 2016) definira Pro\u010ditaj vi\u0161e November 3, [&hellip;]","og_url":"https:\/\/projektniciklus.hr\/en\/blog\/","og_site_name":"Projektni Ciklus - Priprema EU financiranih projekata, vo\u0111enje EU projekata\/ugovora, informiranje putem portala o EU projektima i javnoj nabavi, predavanja o javnoj nabavi","article_modified_time":"2021-11-20T08:34:35+00:00","twitter_card":"summary_large_image","twitter_misc":{"Est. reading time":"2 minutes"},"schema":{"@context":"https:\/\/schema.org","@graph":[{"@type":"WebSite","@id":"https:\/\/projektniciklus.hr\/#website","url":"https:\/\/projektniciklus.hr\/","name":"Projektni Ciklus - Priprema EU financiranih projekata, vo\u0111enje EU projekata\/ugovora, informiranje putem portala o EU projektima i javnoj nabavi, predavanja o javnoj nabavi","description":"Priprema EU financiranih projekata, vo\u0111enje EU projekata\/ugovora, informiranje putem portala o EU projektima i javnoj nabavi, predavanja o javnoj nabavi","potentialAction":[{"@type":"SearchAction","target":{"@type":"EntryPoint","urlTemplate":"https:\/\/projektniciklus.hr\/?s={search_term_string}"},"query-input":"required name=search_term_string"}],"inLanguage":"en-US"},{"@type":"WebPage","@id":"https:\/\/projektniciklus.hr\/blog\/#webpage","url":"https:\/\/projektniciklus.hr\/blog\/","name":"Blog - Projektni Ciklus - Priprema EU financiranih projekata, vo\u0111enje EU projekata\/ugovora, informiranje putem portala o EU projektima i javnoj nabavi, predavanja o javnoj nabavi","isPartOf":{"@id":"https:\/\/projektniciklus.hr\/#website"},"datePublished":"2021-10-13T08:18:43+00:00","dateModified":"2021-11-20T08:34:35+00:00","breadcrumb":{"@id":"https:\/\/projektniciklus.hr\/blog\/#breadcrumb"},"inLanguage":"en-US","potentialAction":[{"@type":"ReadAction","target":["https:\/\/projektniciklus.hr\/blog\/"]}]},{"@type":"BreadcrumbList","@id":"https:\/\/projektniciklus.hr\/blog\/#breadcrumb","itemListElement":[{"@type":"ListItem","position":1,"name":"Home","item":"https:\/\/projektniciklus.hr\/"},{"@type":"ListItem","position":2,"name":"Blog"}]}]}},"_links":{"self":[{"href":"https:\/\/projektniciklus.hr\/en\/wp-json\/wp\/v2\/pages\/61"}],"collection":[{"href":"https:\/\/projektniciklus.hr\/en\/wp-json\/wp\/v2\/pages"}],"about":[{"href":"https:\/\/projektniciklus.hr\/en\/wp-json\/wp\/v2\/types\/page"}],"author":[{"embeddable":true,"href":"https:\/\/projektniciklus.hr\/en\/wp-json\/wp\/v2\/users\/1"}],"replies":[{"embeddable":true,"href":"https:\/\/projektniciklus.hr\/en\/wp-json\/wp\/v2\/comments?post=61"}],"version-history":[{"count":214,"href":"https:\/\/projektniciklus.hr\/en\/wp-json\/wp\/v2\/pages\/61\/revisions"}],"predecessor-version":[{"id":2164,"href":"https:\/\/projektniciklus.hr\/en\/wp-json\/wp\/v2\/pages\/61\/revisions\/2164"}],"wp:attachment":[{"href":"https:\/\/projektniciklus.hr\/en\/wp-json\/wp\/v2\/media?parent=61"}],"curies":[{"name":"wp","href":"https:\/\/api.w.org\/{rel}","templated":true}]}}