{"id":66,"date":"2021-10-13T08:18:34","date_gmt":"2021-10-13T08:18:34","guid":{"rendered":"https:\/\/projektniciklus.hr\/?page_id=66"},"modified":"2021-11-19T14:21:53","modified_gmt":"2021-11-19T14:21:53","slug":"kontakt","status":"publish","type":"page","link":"https:\/\/projektniciklus.hr\/en\/kontakt\/","title":{"rendered":"Kontakt"},"content":{"rendered":"<div data-elementor-type=\"wp-page\" data-elementor-id=\"66\" class=\"elementor elementor-66\" data-elementor-settings=\"[]\">\n\t\t\t\t\t\t\t<div class=\"elementor-section-wrap\">\n\t\t\t\t\t\t\t<section class=\"elementor-section elementor-top-section elementor-element elementor-element-1dc8c4e elementor-section-boxed elementor-section-height-default elementor-section-height-default\" data-id=\"1dc8c4e\" data-element_type=\"section\">\n\t\t\t\t\t\t<div class=\"elementor-container elementor-column-gap-wide\">\n\t\t\t\t\t<div class=\"elementor-column elementor-col-50 elementor-top-column elementor-element elementor-element-a3e3ab8\" data-id=\"a3e3ab8\" data-element_type=\"column\">\n\t\t\t<div class=\"elementor-widget-wrap elementor-element-populated\">\n\t\t\t\t\t\t\t\t<div class=\"elementor-element elementor-element-6e40446 elementor-view-default elementor-widget elementor-widget-icon\" data-id=\"6e40446\" data-element_type=\"widget\" data-widget_type=\"icon.default\">\n\t\t\t\t<div class=\"elementor-widget-container\">\n\t\t\t\t\t<div class=\"elementor-icon-wrapper\">\n\t\t\t<div class=\"elementor-icon\">\n\t\t\t<i aria-hidden=\"true\" class=\"fas fa-mobile-alt\"><\/i>\t\t\t<\/div>\n\t\t<\/div>\n\t\t\t\t<\/div>\n\t\t\t\t<\/div>\n\t\t\t\t<div class=\"elementor-element elementor-element-a96222f elementor-align-center elementor-widget elementor-widget-button\" data-id=\"a96222f\" data-element_type=\"widget\" data-widget_type=\"button.default\">\n\t\t\t\t<div class=\"elementor-widget-container\">\n\t\t\t\t\t<div class=\"elementor-button-wrapper\">\n\t\t\t<a href=\"tel:0976060379\" class=\"elementor-button-link elementor-button elementor-size-xl\" role=\"button\">\n\t\t\t\t\t\t<span class=\"elementor-button-content-wrapper\">\n\t\t\t\t\t\t<span class=\"elementor-button-text\">097 6060 379<\/span>\n\t\t<\/span>\n\t\t\t\t\t<\/a>\n\t\t<\/div>\n\t\t\t\t<\/div>\n\t\t\t\t<\/div>\n\t\t\t\t<div class=\"elementor-element elementor-element-df54fda elementor-widget elementor-widget-heading\" data-id=\"df54fda\" data-element_type=\"widget\" data-widget_type=\"heading.default\">\n\t\t\t\t<div class=\"elementor-widget-container\">\n\t\t\t<h2 class=\"elementor-heading-title elementor-size-default\">info@projektniciklus.hr<\/h2>\t\t<\/div>\n\t\t\t\t<\/div>\n\t\t\t\t\t<\/div>\n\t\t<\/div>\n\t\t\t\t<div class=\"elementor-column elementor-col-50 elementor-top-column elementor-element elementor-element-9f7c684\" data-id=\"9f7c684\" data-element_type=\"column\">\n\t\t\t<div class=\"elementor-widget-wrap elementor-element-populated\">\n\t\t\t\t\t\t\t\t<div class=\"elementor-element elementor-element-c72ee7f elementor-button-align-stretch elementor-widget elementor-widget-form\" data-id=\"c72ee7f\" data-element_type=\"widget\" data-settings=\"{&quot;step_next_label&quot;:&quot;Next&quot;,&quot;step_previous_label&quot;:&quot;Previous&quot;,&quot;button_width&quot;:&quot;100&quot;,&quot;step_type&quot;:&quot;number_text&quot;,&quot;step_icon_shape&quot;:&quot;circle&quot;}\" data-widget_type=\"form.default\">\n\t\t\t\t<div class=\"elementor-widget-container\">\n\t\t\t\t\t<form class=\"elementor-form\" method=\"post\" name=\"New Form\" action=\"\">\n\t\t\t<input type=\"hidden\" name=\"post_id\" value=\"66\"\/>\n\t\t\t<input type=\"hidden\" name=\"form_id\" value=\"c72ee7f\"\/>\n\t\t\t<input type=\"hidden\" name=\"referer_title\" value=\"Projektni Ciklus &#8211; Priprema EU financiranih projekata, vo\u0111enje EU projekata\/ugovora, informiranje putem portala o EU projektima i javnoj nabavi, predavanja o javnoj nabavi\" \/>\n\n\t\t\t\n\t\t\t<div class=\"elementor-form-fields-wrapper elementor-labels-above\">\n\t\t\t\t\t\t\t\t<div class=\"elementor-field-type-text elementor-field-group elementor-column elementor-field-group-name elementor-col-100 elementor-field-required\">\n\t\t\t\t\t<label for=\"form-field-name\" class=\"elementor-field-label\">Ime i prezime<\/label><input size=\"1\" type=\"text\" name=\"form_fields[name]\" id=\"form-field-name\" class=\"elementor-field elementor-size-sm  elementor-field-textual\" placeholder=\"Ime i prezime\" required=\"required\" aria-required=\"true\">\t\t\t\t<\/div>\n\t\t\t\t\t\t\t\t<div class=\"elementor-field-type-email elementor-field-group elementor-column elementor-field-group-email elementor-col-100 elementor-field-required\">\n\t\t\t\t\t<label for=\"form-field-email\" class=\"elementor-field-label\">E-mail<\/label><input size=\"1\" type=\"email\" name=\"form_fields[email]\" id=\"form-field-email\" class=\"elementor-field elementor-size-sm  elementor-field-textual\" placeholder=\"E-mail\" required=\"required\" aria-required=\"true\">\t\t\t\t<\/div>\n\t\t\t\t\t\t\t\t<div class=\"elementor-field-type-number elementor-field-group elementor-column elementor-field-group-field_f97d1df elementor-col-100\">\n\t\t\t\t\t<label for=\"form-field-field_f97d1df\" class=\"elementor-field-label\">Broj telefona<\/label><input type=\"number\" name=\"form_fields[field_f97d1df]\" id=\"form-field-field_f97d1df\" class=\"elementor-field elementor-size-sm  elementor-field-textual\" placeholder=\"Broj telefona\" min=\"\" max=\"\">\t\t\t\t<\/div>\n\t\t\t\t\t\t\t\t<div class=\"elementor-field-type-textarea elementor-field-group elementor-column elementor-field-group-message elementor-col-100\">\n\t\t\t\t\t<label for=\"form-field-message\" class=\"elementor-field-label\">Poruka<\/label><textarea class=\"elementor-field-textual elementor-field  elementor-size-sm\" name=\"form_fields[message]\" id=\"form-field-message\" rows=\"4\" placeholder=\"Poruka\"><\/textarea>\t\t\t\t<\/div>\n\t\t\t\t\t\t\t\t<div class=\"elementor-field-type-select elementor-field-group elementor-column elementor-field-group-field_78bc162 elementor-col-100\">\n\t\t\t\t\t<label for=\"form-field-field_78bc162\" class=\"elementor-field-label\">Odaberite uslugu za upit (ostavite prazno ako imate samo upit)<\/label>\t\t<div class=\"elementor-field elementor-select-wrapper\">\n\t\t\t<select name=\"form_fields[field_78bc162]\" id=\"form-field-field_78bc162\" class=\"elementor-field-textual elementor-size-sm\">\n\t\t\t\t<option value=\"\"><\/option><option value=\"Izrada ili kontrola dokumentacije o nabavi (uklju\u010duju\u0107i tehni\u010dke specifikacije \/ opis poslova)\">Izrada ili kontrola dokumentacije o nabavi (uklju\u010duju\u0107i tehni\u010dke specifikacije \/ opis poslova)<\/option><option value=\"Analiza tr\u017ei\u0161ta \">Analiza tr\u017ei\u0161ta <\/option><option value=\"Potpora pri pregledu i ocjeni ponuda\">Potpora pri pregledu i ocjeni ponuda<\/option><option value=\"Priprema uspje\u0161nih \u017ealbi i\/ili o\u010ditovanja\">Priprema uspje\u0161nih \u017ealbi i\/ili o\u010ditovanja<\/option><option value=\"Priprema prigovora na Odluke o utvr\u0111enoj nepravilnosti i financijskoj korekciji\">Priprema prigovora na Odluke o utvr\u0111enoj nepravilnosti i financijskoj korekciji<\/option><option value=\"Izrada dokumentacije za NOJN (neobveznike ZJN) i pregled i ocjena ponuda\">Izrada dokumentacije za NOJN (neobveznike ZJN) i pregled i ocjena ponuda<\/option><option value=\"Stru\u010dno savjetovanje u vezi provedbe ugovora o javnoj nabavi\">Stru\u010dno savjetovanje u vezi provedbe ugovora o javnoj nabavi<\/option><option value=\"Savjetovanje vezano za provedbu ugovora o dodjeli bespovratnih sredstava\">Savjetovanje vezano za provedbu ugovora o dodjeli bespovratnih sredstava<\/option><option value=\"Priprema pojedinih mi\u0161ljenja o specifi\u010dnoj problematici\">Priprema pojedinih mi\u0161ljenja o specifi\u010dnoj problematici<\/option><option value=\"Priprema dokumentacije po PRAG praviima\">Priprema dokumentacije po PRAG praviima<\/option><option value=\"Edukacija o javnoj nabavi i PRAG postupcima (prema dogovorenim temama)\">Edukacija o javnoj nabavi i PRAG postupcima (prema dogovorenim temama)<\/option><option value=\"Certificirani trener za javnu nabavu \u2013 edukacija za stjecanje bodova za obnovu certifikata iz javne nabave (mogu\u0107nost direktnog dolaska u instituciju)\">Certificirani trener za javnu nabavu \u2013 edukacija za stjecanje bodova za obnovu certifikata iz javne nabave (mogu\u0107nost direktnog dolaska u instituciju)<\/option><option value=\"Pomo\u0107 u pripremi smjernica, priru\u010dnika i suradnja na podru\u010dju sli\u010dnih horizontalnih tema\">Pomo\u0107 u pripremi smjernica, priru\u010dnika i suradnja na podru\u010dju sli\u010dnih horizontalnih tema<\/option><option value=\"Pomo\u0107 u pripremi ponuda za ponuditelje (sukladno ZJN 2016 ili drugim pravilima)\">Pomo\u0107 u pripremi ponuda za ponuditelje (sukladno ZJN 2016 ili drugim pravilima)<\/option>\t\t\t<\/select>\n\t\t<\/div>\n\t\t\t\t\t\t<\/div>\n\t\t\t\t\t\t\t\t<div class=\"elementor-field-type-checkbox elementor-field-group elementor-column elementor-field-group-field_87e0301 elementor-col-100\">\n\t\t\t\t\t<div class=\"elementor-field-subgroup\"><span class=\"elementor-field-option\"><input type=\"checkbox\" value=\"\u017delim da me kontaktirate na navedeni broj telefona.\" id=\"form-field-field_87e0301-0\" name=\"form_fields[field_87e0301]\"> <label for=\"form-field-field_87e0301-0\">\u017delim da me kontaktirate na navedeni broj telefona.<\/label><\/span><\/div>\t\t\t\t<\/div>\n\t\t\t\t\t\t\t\t<div class=\"elementor-field-type-recaptcha elementor-field-group elementor-column elementor-field-group-field_7b4d9a0 elementor-col-100\">\n\t\t\t\t\t<div class=\"elementor-field\" id=\"form-field-field_7b4d9a0\"><div class=\"elementor-g-recaptcha\" data-sitekey=\"6LemfvgcAAAAAI49w16DBXZEq6rwxIrS26hOEcwA\" data-type=\"v2_checkbox\" data-theme=\"light\" data-size=\"normal\"><\/div><\/div>\t\t\t\t<\/div>\n\t\t\t\t\t\t\t\t<div class=\"elementor-field-group elementor-column elementor-field-type-submit elementor-col-100 e-form__buttons\">\n\t\t\t\t\t<button type=\"submit\" class=\"elementor-button elementor-size-sm\">\n\t\t\t\t\t\t<span >\n\t\t\t\t\t\t\t\t\t\t\t\t\t\t\t<span class=\"elementor-button-icon\">\n\t\t\t\t\t\t\t\t\t\t\t\t\t\t\t\t\t\t\t\t\t\t\t\t\t\t<\/span>\n\t\t\t\t\t\t\t\t\t\t\t\t\t\t\t\t\t\t\t\t\t\t<span class=\"elementor-button-text\">Po\u0161aljite upit<\/span>\n\t\t\t\t\t\t\t\t\t\t\t\t\t<\/span>\n\t\t\t\t\t<\/button>\n\t\t\t\t<\/div>\n\t\t\t<\/div>\n\t\t<input type=\"hidden\" name=\"trp-form-language\" value=\"en\"\/><\/form>\n\t\t\t\t<\/div>\n\t\t\t\t<\/div>\n\t\t\t\t\t<\/div>\n\t\t<\/div>\n\t\t\t\t\t\t\t<\/div>\n\t\t<\/section>\n\t\t\t\t\t\t<\/div>\n\t\t\t\t\t<\/div>","protected":false},"excerpt":{"rendered":"<p>097 6060 379 info@projektniciklus.hr<\/p>","protected":false},"author":1,"featured_media":0,"parent":0,"menu_order":0,"comment_status":"closed","ping_status":"closed","template":"","meta":{"_bbp_topic_count":0,"_bbp_reply_count":0,"_bbp_total_topic_count":0,"_bbp_total_reply_count":0,"_bbp_voice_count":0,"_bbp_anonymous_reply_count":0,"_bbp_topic_count_hidden":0,"_bbp_reply_count_hidden":0,"_bbp_forum_subforum_count":0},"yoast_head":"<!-- This site is optimized with the Yoast SEO plugin v17.2 - https:\/\/yoast.com\/wordpress\/plugins\/seo\/ -->\n<title>Kontakt - Projektni Ciklus - Priprema EU financiranih projekata, vo\u0111enje EU projekata\/ugovora, informiranje putem portala o EU projektima i javnoj nabavi, predavanja o javnoj nabavi<\/title>\n<meta name=\"robots\" content=\"index, follow, max-snippet:-1, max-image-preview:large, max-video-preview:-1\" \/>\n<link rel=\"canonical\" href=\"https:\/\/projektniciklus.hr\/en\/kontakt\/\" \/>\n<meta property=\"og:locale\" content=\"en_US\" \/>\n<meta property=\"og:type\" content=\"article\" \/>\n<meta property=\"og:title\" content=\"Kontakt - Projektni Ciklus - Priprema EU financiranih projekata, vo\u0111enje EU projekata\/ugovora, informiranje putem portala o EU projektima i javnoj nabavi, predavanja o javnoj nabavi\" \/>\n<meta property=\"og:description\" content=\"097 6060 379 info@projektniciklus.hr\" \/>\n<meta property=\"og:url\" content=\"https:\/\/projektniciklus.hr\/en\/kontakt\/\" \/>\n<meta property=\"og:site_name\" content=\"Projektni Ciklus - Priprema EU financiranih projekata, vo\u0111enje EU projekata\/ugovora, informiranje putem portala o EU projektima i javnoj nabavi, predavanja o javnoj nabavi\" \/>\n<meta property=\"article:modified_time\" content=\"2021-11-19T14:21:53+00:00\" \/>\n<meta name=\"twitter:card\" content=\"summary_large_image\" \/>\n<meta name=\"twitter:label1\" content=\"Est. reading time\" \/>\n\t<meta name=\"twitter:data1\" content=\"1 minute\" \/>\n<script type=\"application\/ld+json\" class=\"yoast-schema-graph\">{\"@context\":\"https:\/\/schema.org\",\"@graph\":[{\"@type\":\"WebSite\",\"@id\":\"https:\/\/projektniciklus.hr\/#website\",\"url\":\"https:\/\/projektniciklus.hr\/\",\"name\":\"Projektni Ciklus - Priprema EU financiranih projekata, vo\\u0111enje EU projekata\/ugovora, informiranje putem portala o EU projektima i javnoj nabavi, predavanja o javnoj nabavi\",\"description\":\"Priprema EU financiranih projekata, vo\\u0111enje EU projekata\/ugovora, informiranje putem portala o EU projektima i javnoj nabavi, predavanja o javnoj nabavi\",\"potentialAction\":[{\"@type\":\"SearchAction\",\"target\":{\"@type\":\"EntryPoint\",\"urlTemplate\":\"https:\/\/projektniciklus.hr\/?s={search_term_string}\"},\"query-input\":\"required name=search_term_string\"}],\"inLanguage\":\"en-US\"},{\"@type\":\"WebPage\",\"@id\":\"https:\/\/projektniciklus.hr\/kontakt\/#webpage\",\"url\":\"https:\/\/projektniciklus.hr\/kontakt\/\",\"name\":\"Kontakt - Projektni Ciklus - Priprema EU financiranih projekata, vo\\u0111enje EU projekata\/ugovora, informiranje putem portala o EU projektima i javnoj nabavi, predavanja o javnoj nabavi\",\"isPartOf\":{\"@id\":\"https:\/\/projektniciklus.hr\/#website\"},\"datePublished\":\"2021-10-13T08:18:34+00:00\",\"dateModified\":\"2021-11-19T14:21:53+00:00\",\"breadcrumb\":{\"@id\":\"https:\/\/projektniciklus.hr\/kontakt\/#breadcrumb\"},\"inLanguage\":\"en-US\",\"potentialAction\":[{\"@type\":\"ReadAction\",\"target\":[\"https:\/\/projektniciklus.hr\/kontakt\/\"]}]},{\"@type\":\"BreadcrumbList\",\"@id\":\"https:\/\/projektniciklus.hr\/kontakt\/#breadcrumb\",\"itemListElement\":[{\"@type\":\"ListItem\",\"position\":1,\"name\":\"Home\",\"item\":\"https:\/\/projektniciklus.hr\/\"},{\"@type\":\"ListItem\",\"position\":2,\"name\":\"Kontakt\"}]}]}<\/script>\n<!-- \/ Yoast SEO plugin. -->","yoast_head_json":{"title":"Kontakt - Projektni Ciklus - Priprema EU financiranih projekata, vo\u0111enje EU projekata\/ugovora, informiranje putem portala o EU projektima i javnoj nabavi, predavanja o javnoj nabavi","robots":{"index":"index","follow":"follow","max-snippet":"max-snippet:-1","max-image-preview":"max-image-preview:large","max-video-preview":"max-video-preview:-1"},"canonical":"https:\/\/projektniciklus.hr\/en\/kontakt\/","og_locale":"en_US","og_type":"article","og_title":"Kontakt - Projektni Ciklus - Priprema EU financiranih projekata, vo\u0111enje EU projekata\/ugovora, informiranje putem portala o EU projektima i javnoj nabavi, predavanja o javnoj nabavi","og_description":"097 6060 379 info@projektniciklus.hr","og_url":"https:\/\/projektniciklus.hr\/en\/kontakt\/","og_site_name":"Projektni Ciklus - Priprema EU financiranih projekata, vo\u0111enje EU projekata\/ugovora, informiranje putem portala o EU projektima i javnoj nabavi, predavanja o javnoj nabavi","article_modified_time":"2021-11-19T14:21:53+00:00","twitter_card":"summary_large_image","twitter_misc":{"Est. reading time":"1 minute"},"schema":{"@context":"https:\/\/schema.org","@graph":[{"@type":"WebSite","@id":"https:\/\/projektniciklus.hr\/#website","url":"https:\/\/projektniciklus.hr\/","name":"Projektni Ciklus - Priprema EU financiranih projekata, vo\u0111enje EU projekata\/ugovora, informiranje putem portala o EU projektima i javnoj nabavi, predavanja o javnoj nabavi","description":"Priprema EU financiranih projekata, vo\u0111enje EU projekata\/ugovora, informiranje putem portala o EU projektima i javnoj nabavi, predavanja o javnoj nabavi","potentialAction":[{"@type":"SearchAction","target":{"@type":"EntryPoint","urlTemplate":"https:\/\/projektniciklus.hr\/?s={search_term_string}"},"query-input":"required name=search_term_string"}],"inLanguage":"en-US"},{"@type":"WebPage","@id":"https:\/\/projektniciklus.hr\/kontakt\/#webpage","url":"https:\/\/projektniciklus.hr\/kontakt\/","name":"Kontakt - Projektni Ciklus - Priprema EU financiranih projekata, vo\u0111enje EU projekata\/ugovora, informiranje putem portala o EU projektima i javnoj nabavi, predavanja o javnoj nabavi","isPartOf":{"@id":"https:\/\/projektniciklus.hr\/#website"},"datePublished":"2021-10-13T08:18:34+00:00","dateModified":"2021-11-19T14:21:53+00:00","breadcrumb":{"@id":"https:\/\/projektniciklus.hr\/kontakt\/#breadcrumb"},"inLanguage":"en-US","potentialAction":[{"@type":"ReadAction","target":["https:\/\/projektniciklus.hr\/kontakt\/"]}]},{"@type":"BreadcrumbList","@id":"https:\/\/projektniciklus.hr\/kontakt\/#breadcrumb","itemListElement":[{"@type":"ListItem","position":1,"name":"Home","item":"https:\/\/projektniciklus.hr\/"},{"@type":"ListItem","position":2,"name":"Kontakt"}]}]}},"_links":{"self":[{"href":"https:\/\/projektniciklus.hr\/en\/wp-json\/wp\/v2\/pages\/66"}],"collection":[{"href":"https:\/\/projektniciklus.hr\/en\/wp-json\/wp\/v2\/pages"}],"about":[{"href":"https:\/\/projektniciklus.hr\/en\/wp-json\/wp\/v2\/types\/page"}],"author":[{"embeddable":true,"href":"https:\/\/projektniciklus.hr\/en\/wp-json\/wp\/v2\/users\/1"}],"replies":[{"embeddable":true,"href":"https:\/\/projektniciklus.hr\/en\/wp-json\/wp\/v2\/comments?post=66"}],"version-history":[{"count":100,"href":"https:\/\/projektniciklus.hr\/en\/wp-json\/wp\/v2\/pages\/66\/revisions"}],"predecessor-version":[{"id":2127,"href":"https:\/\/projektniciklus.hr\/en\/wp-json\/wp\/v2\/pages\/66\/revisions\/2127"}],"wp:attachment":[{"href":"https:\/\/projektniciklus.hr\/en\/wp-json\/wp\/v2\/media?parent=66"}],"curies":[{"name":"wp","href":"https:\/\/api.w.org\/{rel}","templated":true}]}}